{"id":1180,"date":"2025-07-15T09:25:33","date_gmt":"2025-07-15T12:25:33","guid":{"rendered":"https:\/\/naturegreenhub.com\/?page_id=1180"},"modified":"2026-03-16T18:58:13","modified_gmt":"2026-03-16T21:58:13","slug":"sobre-nos","status":"publish","type":"page","link":"https:\/\/naturegreenhub.com\/de\/sobre-nos\/","title":{"rendered":"\u00dcBER UNS"},"content":{"rendered":"<p data-start=\"457\" data-end=\"470\"><strong data-start=\"457\" data-end=\"470\">\u00dcber uns<\/strong><\/p>\n<p data-start=\"472\" data-end=\"861\">DER <strong data-start=\"474\" data-end=\"492\">NatureGreenHub<\/strong> Diese Website bietet Ihnen praktische und leicht verst\u00e4ndliche Informationen zu einer Vielzahl von Themen, insbesondere zu den Bereichen Finanzen, Geldanlage und Finanzbildung. Dar\u00fcber hinaus bieten wir Ihnen aber auch diverse andere Inhalte wie allgemeine Nachrichten, Fernsehsendungen und weitere interessante Themen, um Ihnen ein umfassenderes Bild Ihres Alltags zu vermitteln.<\/p>\n<p data-start=\"863\" data-end=\"1203\">Unser Ziel ist es, Ihren Umgang mit Geld zu vereinfachen und Ihnen zu helfen, Ihre pers\u00f6nlichen Finanzen intelligent und nachhaltig zu verwalten. Dar\u00fcber hinaus m\u00f6chten wir Sie \u00fcber andere Themen, die Ihr Leben beeinflussen, informieren und Ihnen so einen ausgewogenen und aktuellen \u00dcberblick \u00fcber das Geschehen in Ihrer Umgebung erm\u00f6glichen.<\/p>\n<p data-start=\"1205\" data-end=\"1219\">Was wir tun:<\/p>\n<ul data-start=\"1221\" data-end=\"2011\">\n<li data-section-id=\"1d4nrfd\" data-start=\"1221\" data-end=\"1392\">\n<p data-start=\"1223\" data-end=\"1392\"><strong data-start=\"1223\" data-end=\"1256\">Leitf\u00e4den f\u00fcr pers\u00f6nliche Finanzen<\/strong><br data-start=\"1256\" data-end=\"1259\" \/>Wir bieten Ihnen klare Anleitungen, wie Sie Ihr Budget verwalten, Geld sparen, Schulden abbauen und Ihre finanziellen Ziele erreichen k\u00f6nnen.<\/p>\n<\/li>\n<li data-section-id=\"1sumoe\" data-start=\"1394\" data-end=\"1614\">\n<p data-start=\"1396\" data-end=\"1614\"><strong data-start=\"1396\" data-end=\"1428\">Anlagestrategien<\/strong><br data-start=\"1428\" data-end=\"1431\" \/>Wir bieten leicht verst\u00e4ndliche Erkl\u00e4rungen zu verschiedenen Anlageoptionen wie festverzinslichen Wertpapieren, Aktien, Investmentfonds und mehr, damit Sie fundierte Entscheidungen treffen k\u00f6nnen.<\/p>\n<\/li>\n<li data-section-id=\"lofla4\" data-start=\"1616\" data-end=\"1794\">\n<p data-start=\"1618\" data-end=\"1794\"><strong data-start=\"1618\" data-end=\"1668\">Kurz- und langfristige Finanzplanung<\/strong><br data-start=\"1668\" data-end=\"1671\" \/>Wir helfen Ihnen bei der Planung von allem, von Ihrem Notfallfonds bis hin zu gro\u00dfen Zielen wie dem Hauskauf oder der Altersvorsorge.<\/p>\n<\/li>\n<li data-section-id=\"1f7ipyo\" data-start=\"1796\" data-end=\"2011\">\n<p data-start=\"1798\" data-end=\"2011\"><strong data-start=\"1798\" data-end=\"1820\">Verschiedene Inhalte<\/strong><br data-start=\"1820\" data-end=\"1823\" \/>Neben Finanzthemen ver\u00f6ffentlichen wir auch Artikel zu allgemeinen Nachrichten, Kultur, Unterhaltung und anderen interessanten Themen, damit Sie stets gut informiert sind, was in der Welt passiert.<\/p>\n<\/li>\n<\/ul>\n<p data-start=\"2013\" data-end=\"2165\">Unser Ziel ist es, Ihnen Inhalte anzubieten, die einen Mehrwert f\u00fcr Ihr Leben bieten, sei es im Finanzbereich oder in anderen Bereichen, und zwar auf eine klare, objektive und relevante Weise.<\/p>","protected":false},"excerpt":{"rendered":"<p>Sobre N\u00f3s O NatureGreenHub \u00e9 um site criado para oferecer informa\u00e7\u00f5es pr\u00e1ticas e acess\u00edveis sobre uma ampla gama de t\u00f3picos, com um foco principal em finan\u00e7as pessoais, investimentos e educa\u00e7\u00e3o financeira. No entanto, tamb\u00e9m trazemos conte\u00fados diversos, como not\u00edcias gerais, programas de TV e outros assuntos de interesse, para proporcionar uma vis\u00e3o mais completa e&hellip;&nbsp;<a href=\"https:\/\/naturegreenhub.com\/de\/sobre-nos\/\" rel=\"bookmark\"><span class=\"screen-reader-text\">\u00dcBER UNS<\/span><\/a><\/p>","protected":false},"author":3,"featured_media":0,"parent":0,"menu_order":0,"comment_status":"closed","ping_status":"closed","template":"","meta":{"neve_meta_sidebar":"","neve_meta_container":"","neve_meta_enable_content_width":"off","neve_meta_content_width":100,"neve_meta_title_alignment":"","neve_meta_author_avatar":"","neve_post_elements_order":"","neve_meta_disable_header":"","neve_meta_disable_footer":"","neve_meta_disable_title":"","footnotes":""},"class_list":["post-1180","page","type-page","status-publish","hentry"],"_links":{"self":[{"href":"https:\/\/naturegreenhub.com\/de\/wp-json\/wp\/v2\/pages\/1180","targetHints":{"allow":["GET"]}}],"collection":[{"href":"https:\/\/naturegreenhub.com\/de\/wp-json\/wp\/v2\/pages"}],"about":[{"href":"https:\/\/naturegreenhub.com\/de\/wp-json\/wp\/v2\/types\/page"}],"author":[{"embeddable":true,"href":"https:\/\/naturegreenhub.com\/de\/wp-json\/wp\/v2\/users\/3"}],"replies":[{"embeddable":true,"href":"https:\/\/naturegreenhub.com\/de\/wp-json\/wp\/v2\/comments?post=1180"}],"version-history":[{"count":2,"href":"https:\/\/naturegreenhub.com\/de\/wp-json\/wp\/v2\/pages\/1180\/revisions"}],"predecessor-version":[{"id":2229,"href":"https:\/\/naturegreenhub.com\/de\/wp-json\/wp\/v2\/pages\/1180\/revisions\/2229"}],"wp:attachment":[{"href":"https:\/\/naturegreenhub.com\/de\/wp-json\/wp\/v2\/media?parent=1180"}],"curies":[{"name":"wp","href":"https:\/\/api.w.org\/{rel}","templated":true}]}}