{"id":3,"date":"2023-07-14T18:25:52","date_gmt":"2023-07-14T18:25:52","guid":{"rendered":"https:\/\/naturegreenhub.com\/?page_id=3"},"modified":"2026-03-16T19:11:24","modified_gmt":"2026-03-16T22:11:24","slug":"politicas-de-privacidade","status":"publish","type":"page","link":"https:\/\/naturegreenhub.com\/de\/politicas-de-privacidade\/","title":{"rendered":"DATENSCHUTZERKL\u00c4RUNG"},"content":{"rendered":"<p>Letzte Aktualisierung: 16. M\u00e4rz 2025<\/p>\n\n\n\n<p>Ihre Privatsph\u00e4re hat f\u00fcr uns Priorit\u00e4t. Diese Datenschutzrichtlinie beschreibt, wie <strong>naturegreenhub.com<\/strong> sammelt, verwendet, speichert, teilt und sch\u00fctzt Ihre personenbezogenen Daten in \u00dcbereinstimmung mit dem Allgemeinen Datenschutzgesetz (Gesetz Nr. 13.709\/2018 \u2013 LGPD) sowie den Google AdSense-Richtlinien und anderen geltenden Gesetzen.<\/p>\n\n\n\n<h3 class=\"wp-block-heading\">1. Von uns erfasste Informationen<\/h3>\n\n\n\n<p>Wir erfassen sowohl personenbezogene als auch nicht personenbezogene Daten, um unseren Nutzern ein personalisiertes und relevantes Erlebnis zu bieten. Daten k\u00f6nnen auf verschiedene Weise erfasst werden, unter anderem:<\/p>\n\n\n\n<ul class=\"wp-block-list\">\n<li><strong>Von Ihnen direkt bereitgestellte Informationen:<\/strong> Dazu geh\u00f6ren beispielsweise Name, E-Mail-Adresse und andere Daten, die beim Ausf\u00fcllen von Formularen oder bei der Interaktion mit Inhalten angegeben werden.<\/li>\n\n\n\n<li><strong>Automatisch erfasste Daten:<\/strong> Wir verwenden Cookies, Zugriffsprotokolle, Web Beacons und andere \u00e4hnliche Technologien, um zu verstehen, wie Besucher mit unserer Website interagieren.<\/li>\n\n\n\n<li><strong>Informationen von Drittanbietern:<\/strong> Beispielsweise Werbeplattformen oder Traffic-Analyse-Dienste, die mit Ihrer Einwilligung Daten erfassen k\u00f6nnen.<\/li>\n<\/ul>\n\n\n\n<h3 class=\"wp-block-heading\">2. Verwendung von Cookies und \u00e4hnlichen Technologien<\/h3>\n\n\n\n<p>Wir verwenden Cookies, um die Funktionalit\u00e4t und Leistung der Website zu verbessern und um zu verstehen, wie Sie mit den von uns angebotenen Inhalten interagieren. Dies hilft uns, ein personalisierteres und relevanteres Erlebnis anzubieten.<\/p>\n\n\n\n<h4 class=\"wp-block-heading\">Funktionen von Cookies:<\/h4>\n\n\n\n<ul class=\"wp-block-list\">\n<li>Verbessern Sie die Benutzererfahrung.<\/li>\n\n\n\n<li>Zeigen Sie relevantere Anzeigen basierend auf Ihren Interessen.<\/li>\n\n\n\n<li>Analysieren Sie, wie Besucher mit Inhalten interagieren.<\/li>\n<\/ul>\n\n\n\n<h4 class=\"wp-block-heading\">Cookie Einwilligung<\/h4>\n\n\n\n<p>Wenn Sie auf die Website zugreifen, wird Ihnen ein Cookie-Banner angezeigt, in dem Sie um Ihre ausdr\u00fcckliche Zustimmung zur Verwendung nicht unbedingt erforderlicher Cookies gebeten werden. Sie k\u00f6nnen:<\/p>\n\n\n\n<ul class=\"wp-block-list\">\n<li>Nicht notwendige Cookies akzeptieren oder ablehnen.<\/li>\n\n\n\n<li>Verwalten Sie Ihre Cookie-Einstellungen direkt in Ihrem Browser oder \u00fcber das Banner.<\/li>\n<\/ul>\n\n\n\n<h3 class=\"wp-block-heading\">3. Personalisierte Werbung und Cookies von Drittanbietern<\/h3>\n\n\n\n<p>Die Website nutzt Werbedienste von Drittanbietern, wie zum Beispiel:<\/p>\n\n\n\n<ul class=\"wp-block-list\">\n<li><strong>Google AdSense.<\/strong><\/li>\n\n\n\n<li><strong>Google Ad Manager.<\/strong><\/li>\n\n\n\n<li><strong>Meta-Anzeigen (Facebook\/Instagram).<\/strong><\/li>\n<\/ul>\n\n\n\n<p>Diese Plattformen verwenden Cookies, um:<\/p>\n\n\n\n<ul class=\"wp-block-list\">\n<li>Zeigen Sie personalisierte Anzeigen basierend auf fr\u00fcheren Besuchen an.<\/li>\n\n\n\n<li>Messen Sie die Effektivit\u00e4t von Werbekampagnen.<\/li>\n\n\n\n<li>Steuern Sie, wie oft Anzeigen angezeigt werden.<\/li>\n<\/ul>\n\n\n\n<h4 class=\"wp-block-heading\">Deaktivieren Sie personalisierte Werbung<\/h4>\n\n\n\n<p>Sie k\u00f6nnen personalisierte Werbung deaktivieren, indem Sie folgende Seite besuchen:<\/p>\n\n\n\n<ul class=\"wp-block-list\">\n<li><a href=\"https:\/\/myadcenter.google.com\/personalizationoff\">Google-Anzeigeneinstellungen<\/a>.<\/li>\n\n\n\n<li><a href=\"https:\/\/policies.google.com\/technologies\/partner-sites\">Googles Technologie- und Partnerseitenrichtlinie<\/a>.<\/li>\n<\/ul>\n\n\n\n<h3 class=\"wp-block-heading\">4. Weitergabe von Daten an Dritte<\/h3>\n\n\n\n<p>Ihre Daten k\u00f6nnen weitergegeben werden an:<\/p>\n\n\n\n<ul class=\"wp-block-list\">\n<li>Werbenetzwerke (wie Google AdSense und Ad Manager) zur Personalisierung von Anzeigen.<\/li>\n\n\n\n<li>Analysetools (wie Google Analytics und Meta) zur Messung von Browsing-Metriken.<\/li>\n\n\n\n<li>Affiliate-Partner zur Nachverfolgung von Werbekampagnen und Provisionen.<\/li>\n<\/ul>\n\n\n\n<p>Diese Drittparteien befolgen ihre eigenen Datenschutzrichtlinien und unterliegen den geltenden Gesetzen.<\/p>\n\n\n\n<h3 class=\"wp-block-heading\">5. Nutzerrechte<\/h3>\n\n\n\n<p>Gem\u00e4\u00df LGPD haben Sie folgende Rechte in Bezug auf Ihre personenbezogenen Daten:<\/p>\n\n\n\n<ul class=\"wp-block-list\">\n<li>Zugriff auf Ihre Daten.<\/li>\n\n\n\n<li>Berichtigung unvollst\u00e4ndiger oder veralteter Daten.<\/li>\n\n\n\n<li>Datenl\u00f6schung, sofern zutreffend.<\/li>\n\n\n\n<li>Datenportabilit\u00e4t zu anderen Diensten.<\/li>\n\n\n\n<li>Widerruf der Einwilligung.<\/li>\n\n\n\n<li>Informationen dar\u00fcber, wie Ihre Daten verwendet werden und an wen sie weitergegeben werden.<\/li>\n<\/ul>\n\n\n\n<h4 class=\"wp-block-heading\">So \u00fcben Sie Ihre Rechte aus<\/h4>\n\n\n\n<p>Um die \u00c4nderung oder L\u00f6schung von Daten zu beantragen, kontaktieren Sie uns bitte per E-Mail: <strong><a>contato@jornal316.com.br<\/a><\/strong>Wir werden innerhalb der gesetzlichen Fristen antworten.<\/p>\n\n\n\n<h3 class=\"wp-block-heading\">6. Datensicherheit und -speicherung<\/h3>\n\n\n\n<p>Wir ergreifen geeignete technische und administrative Sicherheitsma\u00dfnahmen, um Ihre personenbezogenen Daten vor folgenden Gefahren zu sch\u00fctzen:<\/p>\n\n\n\n<ul class=\"wp-block-list\">\n<li>Unbefugter Zugriff.<\/li>\n\n\n\n<li>Verlust, Diebstahl oder Missbrauch.<\/li>\n\n\n\n<li>Unsachgem\u00e4\u00dfe Ver\u00e4nderung oder Zerst\u00f6rung.<\/li>\n<\/ul>\n\n\n\n<p>Die Daten werden so lange gespeichert, wie dies zur Erf\u00fcllung der in dieser Richtlinie beschriebenen Zwecke erforderlich ist oder wie es gesetzlich vorgeschrieben ist.<\/p>\n\n\n\n<h3 class=\"wp-block-heading\">7. Links zu externen Seiten<\/h3>\n\n\n\n<p>Unsere Website kann Links zu Websites Dritter enthalten. Wir sind nicht f\u00fcr den Datenschutz dieser externen Websites verantwortlich. Wir empfehlen Ihnen, die Datenschutzrichtlinien aller von Ihnen besuchten Websites zu lesen.<\/p>\n\n\n\n<h3 class=\"wp-block-heading\">8. Benutzerverpflichtung<\/h3>\n\n\n\n<p>Bei Verwendung der <strong>naturegreenhub.com<\/strong>, stimmen Sie zu:<\/p>\n\n\n\n<ul class=\"wp-block-list\">\n<li>Geben Sie wahrheitsgem\u00e4\u00dfe und aktuelle Informationen an.<\/li>\n\n\n\n<li>F\u00fchren Sie keine illegalen Aktivit\u00e4ten oder Aktivit\u00e4ten durch, die die Rechte Dritter verletzen.<\/li>\n\n\n\n<li>Respektieren Sie diese Datenschutzrichtlinie und die Nutzungsbedingungen der Website.<\/li>\n<\/ul>\n\n\n\n<h3 class=\"wp-block-heading\">9. Aktualisierungen dieser Richtlinie<\/h3>\n\n\n\n<p>Diese Datenschutzrichtlinie kann jederzeit aktualisiert werden, um rechtlichen, technologischen oder betrieblichen \u00c4nderungen Rechnung zu tragen. Die aktuellste Version ist stets auf dieser Seite verf\u00fcgbar, wobei das Datum der letzten Aktualisierung angegeben ist.<\/p>\n\n\n\n<h3 class=\"wp-block-heading\">10. Kontakt<\/h3>\n\n\n\n<p>Wenn Sie Fragen zu dieser Richtlinie oder zur Verarbeitung Ihrer Daten haben, kontaktieren Sie uns bitte per E-Mail: <strong><a>contato@jornal316.com.br<\/a><\/strong>.<\/p>\n\n\n\n<p>\u2714\ufe0f Diese Richtlinie entspricht:<\/p>\n\n\n\n<ul class=\"wp-block-list\">\n<li>Grunds\u00e4tze der Network Advertising Initiative und des IAB.<\/li>\n\n\n\n<li>LGPD (Gesetz Nr. 13.709\/2018).<\/li>\n\n\n\n<li>Google AdSense-Richtlinien: Obligatorische Datenschutzerkl\u00e4rung.<\/li>\n<\/ul>\n\n\n\n<hr class=\"wp-block-separator has-alpha-channel-opacity\"\/>\n\n\n\n<h3 class=\"wp-block-heading\"><strong>Einschr\u00e4nkung von Anzeigen auf bestimmten Seiten<\/strong><\/h3>\n\n\n\n<p>Gem\u00e4\u00df den Google AdSense-Richtlinien, <strong>Auf bestimmten Seiten ist es nicht gestattet, Google-Anzeigen anzuzeigen.<\/strong>. Dies umfasst unter anderem Folgendes:<\/p>\n\n\n\n<ul class=\"wp-block-list\">\n<li><strong>Seiten mit Datenschutzbestimmungen, Informationen \u00fcber uns, Kontaktangaben und Nutzungsbedingungen.<\/strong><\/li>\n\n\n\n<li><strong>Seiten, die sich im Aufbau befinden oder Inhalte von geringem Wert enthalten.<\/strong><\/li>\n\n\n\n<li><strong>Verkaufsseiten f\u00fcr Produkte, Tests oder Umfragen.<\/strong><\/li>\n<\/ul>\n\n\n\n<p>Weitere Informationen zu den Werberichtlinien finden Sie unter <a href=\"https:\/\/support.google.com\/publisherpolicies\/answer\/11112688?hl=pt-BR\">offizielle Google-Dokumentation<\/a>.<\/p>\n\n\n\n<p><\/p>","protected":false},"excerpt":{"rendered":"<p>\u00daltima atualiza\u00e7\u00e3o: 16 de mar\u00e7o de 2025 Sua privacidade \u00e9 uma prioridade para n\u00f3s. Esta Pol\u00edtica de Privacidade descreve como o naturegreenhub.com coleta, utiliza, armazena, compartilha e protege seus dados pessoais, em conformidade com a Lei Geral de Prote\u00e7\u00e3o de Dados (Lei n\u00ba 13.709\/2018 \u2013 LGPD), al\u00e9m das diretrizes do Google AdSense e outras leis&hellip;&nbsp;<a href=\"https:\/\/naturegreenhub.com\/de\/politicas-de-privacidade\/\" rel=\"bookmark\"><span class=\"screen-reader-text\">DATENSCHUTZERKL\u00c4RUNG<\/span><\/a><\/p>","protected":false},"author":3,"featured_media":0,"parent":0,"menu_order":0,"comment_status":"closed","ping_status":"open","template":"","meta":{"neve_meta_sidebar":"","neve_meta_container":"","neve_meta_enable_content_width":"off","neve_meta_content_width":100,"neve_meta_title_alignment":"","neve_meta_author_avatar":"","neve_post_elements_order":"","neve_meta_disable_header":"","neve_meta_disable_footer":"","neve_meta_disable_title":"","footnotes":""},"class_list":["post-3","page","type-page","status-publish","hentry"],"_links":{"self":[{"href":"https:\/\/naturegreenhub.com\/de\/wp-json\/wp\/v2\/pages\/3","targetHints":{"allow":["GET"]}}],"collection":[{"href":"https:\/\/naturegreenhub.com\/de\/wp-json\/wp\/v2\/pages"}],"about":[{"href":"https:\/\/naturegreenhub.com\/de\/wp-json\/wp\/v2\/types\/page"}],"author":[{"embeddable":true,"href":"https:\/\/naturegreenhub.com\/de\/wp-json\/wp\/v2\/users\/3"}],"replies":[{"embeddable":true,"href":"https:\/\/naturegreenhub.com\/de\/wp-json\/wp\/v2\/comments?post=3"}],"version-history":[{"count":8,"href":"https:\/\/naturegreenhub.com\/de\/wp-json\/wp\/v2\/pages\/3\/revisions"}],"predecessor-version":[{"id":2232,"href":"https:\/\/naturegreenhub.com\/de\/wp-json\/wp\/v2\/pages\/3\/revisions\/2232"}],"wp:attachment":[{"href":"https:\/\/naturegreenhub.com\/de\/wp-json\/wp\/v2\/media?parent=3"}],"curies":[{"name":"wp","href":"https:\/\/api.w.org\/{rel}","templated":true}]}}