{"id":840,"date":"2023-10-03T10:12:37","date_gmt":"2023-10-03T13:12:37","guid":{"rendered":"https:\/\/naturegreenhub.com\/?page_id=840"},"modified":"2023-10-03T11:37:04","modified_gmt":"2023-10-03T14:37:04","slug":"como-fazer-seu-proprio-sabao-ser-sustentavel-e-economizar","status":"publish","type":"page","link":"https:\/\/naturegreenhub.com\/de\/como-fazer-seu-proprio-sabao-ser-sustentavel-e-economizar\/","title":{"rendered":"So stellen Sie Ihre eigene Seife her, sind nachhaltig und sparen Geld!"},"content":{"rendered":"<p>Ainda que voc\u00ea n\u00e3o tenha o intuito de economizar, sabemos que evitar produtos industrializados \u00e9 um bem que fazemos ao planeta. Ent\u00e3o veja no artigo a seguir como preparar seu pr\u00f3prio sab\u00e3o em barra.<\/p>\n<p>[botao link={https:\/\/naturegreenhub.com\/evite-gastos-extras-economize-e-faca-seu-proprio-sabao-em-barra\/} texto={Aprender a fazer sab\u00e3o em barra caseiro} corfundo={#af2626} corletra={#fff}]<\/p>\n<figure id=\"attachment_751\" aria-describedby=\"caption-attachment-751\" style=\"width: 1024px\" class=\"wp-caption aligncenter\"><a href=\"https:\/\/naturegreenhub.com\/evite-gastos-extras-economize-e-faca-seu-proprio-sabao-em-barra\/\"><img fetchpriority=\"high\" decoding=\"async\" class=\"size-large wp-image-751\" src=\"http:\/\/naturegreenhub.com\/wp-content\/uploads\/2023\/09\/sabaoembarra-1024x634.jpg\" alt=\"sabaoembarra\" width=\"1024\" height=\"634\" srcset=\"https:\/\/naturegreenhub.com\/wp-content\/uploads\/2023\/09\/sabaoembarra-1024x634.jpg 1024w, https:\/\/naturegreenhub.com\/wp-content\/uploads\/2023\/09\/sabaoembarra-300x186.jpg 300w, https:\/\/naturegreenhub.com\/wp-content\/uploads\/2023\/09\/sabaoembarra-768x475.jpg 768w, https:\/\/naturegreenhub.com\/wp-content\/uploads\/2023\/09\/sabaoembarra.jpg 1280w\" sizes=\"(max-width: 1024px) 100vw, 1024px\" \/><\/a><figcaption id=\"caption-attachment-751\" class=\"wp-caption-text\">Sab\u00e3o em Barra<\/figcaption><\/figure>\n<p><script>\nconst queryString = window.location.search;\nconst urlParams = new URLSearchParams(queryString);\nlet id = urlParams.get('src');\nif (id==null){\nid = postID.toString();\n}\nwindow.googletag = window.googletag || {cmd: []};<\/p>\n<p>  googletag.cmd.push(function() {\n    googletag.pubads().setTargeting('id_post_wp', [id]);\n  })\n<\/script><\/p>\n","protected":false},"excerpt":{"rendered":"<p>Ainda que voc\u00ea n\u00e3o tenha o intuito de economizar, sabemos que evitar produtos industrializados \u00e9 um bem que fazemos ao planeta. Ent\u00e3o veja no artigo a seguir como preparar seu pr\u00f3prio sab\u00e3o em barra. [botao link={https:\/\/naturegreenhub.com\/evite-gastos-extras-economize-e-faca-seu-proprio-sabao-em-barra\/} texto={Aprender a fazer sab\u00e3o em barra caseiro} corfundo={#af2626} corletra={#fff}]<\/p>\n","protected":false},"author":3,"featured_media":0,"parent":0,"menu_order":0,"comment_status":"closed","ping_status":"closed","template":"page-pouso-2.php","meta":{"neve_meta_sidebar":"","neve_meta_container":"","neve_meta_enable_content_width":"","neve_meta_content_width":0,"neve_meta_title_alignment":"","neve_meta_author_avatar":"","neve_post_elements_order":"","neve_meta_disable_header":"","neve_meta_disable_footer":"","neve_meta_disable_title":"","footnotes":""},"class_list":["post-840","page","type-page","status-publish","hentry"],"_links":{"self":[{"href":"https:\/\/naturegreenhub.com\/de\/wp-json\/wp\/v2\/pages\/840","targetHints":{"allow":["GET"]}}],"collection":[{"href":"https:\/\/naturegreenhub.com\/de\/wp-json\/wp\/v2\/pages"}],"about":[{"href":"https:\/\/naturegreenhub.com\/de\/wp-json\/wp\/v2\/types\/page"}],"author":[{"embeddable":true,"href":"https:\/\/naturegreenhub.com\/de\/wp-json\/wp\/v2\/users\/3"}],"replies":[{"embeddable":true,"href":"https:\/\/naturegreenhub.com\/de\/wp-json\/wp\/v2\/comments?post=840"}],"version-history":[{"count":3,"href":"https:\/\/naturegreenhub.com\/de\/wp-json\/wp\/v2\/pages\/840\/revisions"}],"predecessor-version":[{"id":851,"href":"https:\/\/naturegreenhub.com\/de\/wp-json\/wp\/v2\/pages\/840\/revisions\/851"}],"wp:attachment":[{"href":"https:\/\/naturegreenhub.com\/de\/wp-json\/wp\/v2\/media?parent=840"}],"curies":[{"name":"wp","href":"https:\/\/api.w.org\/{rel}","templated":true}]}}