{"id":1180,"date":"2025-07-15T09:25:33","date_gmt":"2025-07-15T12:25:33","guid":{"rendered":"https:\/\/naturegreenhub.com\/?page_id=1180"},"modified":"2026-03-16T18:58:13","modified_gmt":"2026-03-16T21:58:13","slug":"sobre-nos","status":"publish","type":"page","link":"https:\/\/naturegreenhub.com\/en\/sobre-nos\/","title":{"rendered":"ABOUT US"},"content":{"rendered":"<p data-start=\"457\" data-end=\"470\"><strong data-start=\"457\" data-end=\"470\">About Us<\/strong><\/p>\n<p data-start=\"472\" data-end=\"861\">THE <strong data-start=\"474\" data-end=\"492\">NatureGreenHub<\/strong> This website was created to offer practical and accessible information on a wide range of topics, with a primary focus on personal finance, investments, and financial education. However, we also provide diverse content, such as general news, TV programs, and other topics of interest, to offer a more complete and integrated view of your daily life.<\/p>\n<p data-start=\"863\" data-end=\"1203\">Our goal is to simplify your relationship with money, helping you understand how to manage your personal finances intelligently and sustainably. In addition, we aim to keep you informed about other topics that impact your life, ensuring you have a balanced and up-to-date view of what&#039;s happening around you.<\/p>\n<p data-start=\"1205\" data-end=\"1219\">What we do:<\/p>\n<ul data-start=\"1221\" data-end=\"2011\">\n<li data-section-id=\"1d4nrfd\" data-start=\"1221\" data-end=\"1392\">\n<p data-start=\"1223\" data-end=\"1392\"><strong data-start=\"1223\" data-end=\"1256\">Personal Finance Guides<\/strong><br data-start=\"1256\" data-end=\"1259\" \/>We offer clear guidance on how to manage your budget, save money, pay off debt, and achieve your financial goals.<\/p>\n<\/li>\n<li data-section-id=\"1sumoe\" data-start=\"1394\" data-end=\"1614\">\n<p data-start=\"1396\" data-end=\"1614\"><strong data-start=\"1396\" data-end=\"1428\">Investment strategies<\/strong><br data-start=\"1428\" data-end=\"1431\" \/>We provide accessible explanations of different investment options, such as fixed income, stocks, mutual funds, and more, so you can make informed decisions.<\/p>\n<\/li>\n<li data-section-id=\"lofla4\" data-start=\"1616\" data-end=\"1794\">\n<p data-start=\"1618\" data-end=\"1794\"><strong data-start=\"1618\" data-end=\"1668\">Short and long-term financial planning<\/strong><br data-start=\"1668\" data-end=\"1671\" \/>We help you plan everything from your emergency fund to big goals like buying a house or retirement.<\/p>\n<\/li>\n<li data-section-id=\"1f7ipyo\" data-start=\"1796\" data-end=\"2011\">\n<p data-start=\"1798\" data-end=\"2011\"><strong data-start=\"1798\" data-end=\"1820\">Various contents<\/strong><br data-start=\"1820\" data-end=\"1823\" \/>In addition to finance, we publish articles on general news, culture, entertainment, and other topics of interest, so you can stay well-informed about what&#039;s happening in the world.<\/p>\n<\/li>\n<\/ul>\n<p data-start=\"2013\" data-end=\"2165\">Our commitment is to offer content that brings value to your life, whether in the financial field or in other areas, in a clear, objective and relevant way.<\/p>","protected":false},"excerpt":{"rendered":"<p>Sobre N\u00f3s O NatureGreenHub \u00e9 um site criado para oferecer informa\u00e7\u00f5es pr\u00e1ticas e acess\u00edveis sobre uma ampla gama de t\u00f3picos, com um foco principal em finan\u00e7as pessoais, investimentos e educa\u00e7\u00e3o financeira. No entanto, tamb\u00e9m trazemos conte\u00fados diversos, como not\u00edcias gerais, programas de TV e outros assuntos de interesse, para proporcionar uma vis\u00e3o mais completa e&hellip;&nbsp;<a href=\"https:\/\/naturegreenhub.com\/en\/sobre-nos\/\" rel=\"bookmark\"><span class=\"screen-reader-text\">ABOUT US<\/span><\/a><\/p>","protected":false},"author":3,"featured_media":0,"parent":0,"menu_order":0,"comment_status":"closed","ping_status":"closed","template":"","meta":{"neve_meta_sidebar":"","neve_meta_container":"","neve_meta_enable_content_width":"off","neve_meta_content_width":100,"neve_meta_title_alignment":"","neve_meta_author_avatar":"","neve_post_elements_order":"","neve_meta_disable_header":"","neve_meta_disable_footer":"","neve_meta_disable_title":"","footnotes":""},"class_list":["post-1180","page","type-page","status-publish","hentry"],"_links":{"self":[{"href":"https:\/\/naturegreenhub.com\/en\/wp-json\/wp\/v2\/pages\/1180","targetHints":{"allow":["GET"]}}],"collection":[{"href":"https:\/\/naturegreenhub.com\/en\/wp-json\/wp\/v2\/pages"}],"about":[{"href":"https:\/\/naturegreenhub.com\/en\/wp-json\/wp\/v2\/types\/page"}],"author":[{"embeddable":true,"href":"https:\/\/naturegreenhub.com\/en\/wp-json\/wp\/v2\/users\/3"}],"replies":[{"embeddable":true,"href":"https:\/\/naturegreenhub.com\/en\/wp-json\/wp\/v2\/comments?post=1180"}],"version-history":[{"count":2,"href":"https:\/\/naturegreenhub.com\/en\/wp-json\/wp\/v2\/pages\/1180\/revisions"}],"predecessor-version":[{"id":2229,"href":"https:\/\/naturegreenhub.com\/en\/wp-json\/wp\/v2\/pages\/1180\/revisions\/2229"}],"wp:attachment":[{"href":"https:\/\/naturegreenhub.com\/en\/wp-json\/wp\/v2\/media?parent=1180"}],"curies":[{"name":"wp","href":"https:\/\/api.w.org\/{rel}","templated":true}]}}