{"id":1180,"date":"2025-07-15T09:25:33","date_gmt":"2025-07-15T12:25:33","guid":{"rendered":"https:\/\/naturegreenhub.com\/?page_id=1180"},"modified":"2026-03-16T18:58:13","modified_gmt":"2026-03-16T21:58:13","slug":"sobre-nos","status":"publish","type":"page","link":"https:\/\/naturegreenhub.com\/es\/sobre-nos\/","title":{"rendered":"SOBRE NOSOTROS"},"content":{"rendered":"<p data-start=\"457\" data-end=\"470\"><strong data-start=\"457\" data-end=\"470\">Sobre nosotros<\/strong><\/p>\n<p data-start=\"472\" data-end=\"861\">EL <strong data-start=\"474\" data-end=\"492\">NatureGreenHub<\/strong> Este sitio web se cre\u00f3 para ofrecer informaci\u00f3n pr\u00e1ctica y accesible sobre una amplia gama de temas, con especial \u00e9nfasis en finanzas personales, inversiones y educaci\u00f3n financiera. Sin embargo, tambi\u00e9n ofrecemos contenido diverso, como noticias generales, programas de televisi\u00f3n y otros temas de inter\u00e9s, para brindar una visi\u00f3n m\u00e1s completa e integral de su vida diaria.<\/p>\n<p data-start=\"863\" data-end=\"1203\">Nuestro objetivo es simplificar tu relaci\u00f3n con el dinero, ayud\u00e1ndote a comprender c\u00f3mo administrar tus finanzas personales de forma inteligente y sostenible. Adem\u00e1s, buscamos mantenerte informado sobre otros temas que impactan tu vida, para que tengas una visi\u00f3n equilibrada y actualizada de lo que sucede a tu alrededor.<\/p>\n<p data-start=\"1205\" data-end=\"1219\">Lo que hacemos:<\/p>\n<ul data-start=\"1221\" data-end=\"2011\">\n<li data-section-id=\"1d4nrfd\" data-start=\"1221\" data-end=\"1392\">\n<p data-start=\"1223\" data-end=\"1392\"><strong data-start=\"1223\" data-end=\"1256\">Gu\u00edas de finanzas personales<\/strong><br data-start=\"1256\" data-end=\"1259\" \/>Le ofrecemos una gu\u00eda clara sobre c\u00f3mo administrar su presupuesto, ahorrar dinero, saldar deudas y alcanzar sus metas financieras.<\/p>\n<\/li>\n<li data-section-id=\"1sumoe\" data-start=\"1394\" data-end=\"1614\">\n<p data-start=\"1396\" data-end=\"1614\"><strong data-start=\"1396\" data-end=\"1428\">Estrategias de inversi\u00f3n<\/strong><br data-start=\"1428\" data-end=\"1431\" \/>Ofrecemos explicaciones accesibles sobre diferentes opciones de inversi\u00f3n, como renta fija, acciones, fondos de inversi\u00f3n y m\u00e1s, para que pueda tomar decisiones informadas.<\/p>\n<\/li>\n<li data-section-id=\"lofla4\" data-start=\"1616\" data-end=\"1794\">\n<p data-start=\"1618\" data-end=\"1794\"><strong data-start=\"1618\" data-end=\"1668\">Planificaci\u00f3n financiera a corto y largo plazo<\/strong><br data-start=\"1668\" data-end=\"1671\" \/>Te ayudamos a planificar todo, desde tu fondo de emergencia hasta grandes objetivos como comprar una casa o la jubilaci\u00f3n.<\/p>\n<\/li>\n<li data-section-id=\"1f7ipyo\" data-start=\"1796\" data-end=\"2011\">\n<p data-start=\"1798\" data-end=\"2011\"><strong data-start=\"1798\" data-end=\"1820\">Contenidos diversos<\/strong><br data-start=\"1820\" data-end=\"1823\" \/>Adem\u00e1s de finanzas, publicamos art\u00edculos sobre noticias generales, cultura, entretenimiento y otros temas de inter\u00e9s, para que puedas estar bien informado sobre lo que sucede en el mundo.<\/p>\n<\/li>\n<\/ul>\n<p data-start=\"2013\" data-end=\"2165\">Nuestro compromiso es ofrecer contenido que aporte valor a su vida, ya sea en el \u00e1mbito financiero o en otras \u00e1reas, de forma clara, objetiva y relevante.<\/p>","protected":false},"excerpt":{"rendered":"<p>Sobre N\u00f3s O NatureGreenHub \u00e9 um site criado para oferecer informa\u00e7\u00f5es pr\u00e1ticas e acess\u00edveis sobre uma ampla gama de t\u00f3picos, com um foco principal em finan\u00e7as pessoais, investimentos e educa\u00e7\u00e3o financeira. No entanto, tamb\u00e9m trazemos conte\u00fados diversos, como not\u00edcias gerais, programas de TV e outros assuntos de interesse, para proporcionar uma vis\u00e3o mais completa e&hellip;&nbsp;<a href=\"https:\/\/naturegreenhub.com\/es\/sobre-nos\/\" rel=\"bookmark\"><span class=\"screen-reader-text\">SOBRE NOSOTROS<\/span><\/a><\/p>","protected":false},"author":3,"featured_media":0,"parent":0,"menu_order":0,"comment_status":"closed","ping_status":"closed","template":"","meta":{"neve_meta_sidebar":"","neve_meta_container":"","neve_meta_enable_content_width":"off","neve_meta_content_width":100,"neve_meta_title_alignment":"","neve_meta_author_avatar":"","neve_post_elements_order":"","neve_meta_disable_header":"","neve_meta_disable_footer":"","neve_meta_disable_title":"","footnotes":""},"class_list":["post-1180","page","type-page","status-publish","hentry"],"_links":{"self":[{"href":"https:\/\/naturegreenhub.com\/es\/wp-json\/wp\/v2\/pages\/1180","targetHints":{"allow":["GET"]}}],"collection":[{"href":"https:\/\/naturegreenhub.com\/es\/wp-json\/wp\/v2\/pages"}],"about":[{"href":"https:\/\/naturegreenhub.com\/es\/wp-json\/wp\/v2\/types\/page"}],"author":[{"embeddable":true,"href":"https:\/\/naturegreenhub.com\/es\/wp-json\/wp\/v2\/users\/3"}],"replies":[{"embeddable":true,"href":"https:\/\/naturegreenhub.com\/es\/wp-json\/wp\/v2\/comments?post=1180"}],"version-history":[{"count":2,"href":"https:\/\/naturegreenhub.com\/es\/wp-json\/wp\/v2\/pages\/1180\/revisions"}],"predecessor-version":[{"id":2229,"href":"https:\/\/naturegreenhub.com\/es\/wp-json\/wp\/v2\/pages\/1180\/revisions\/2229"}],"wp:attachment":[{"href":"https:\/\/naturegreenhub.com\/es\/wp-json\/wp\/v2\/media?parent=1180"}],"curies":[{"name":"gracias","href":"https:\/\/api.w.org\/{rel}","templated":true}]}}