{"id":3,"date":"2023-07-14T18:25:52","date_gmt":"2023-07-14T18:25:52","guid":{"rendered":"https:\/\/naturegreenhub.com\/?page_id=3"},"modified":"2026-03-16T19:11:24","modified_gmt":"2026-03-16T22:11:24","slug":"politicas-de-privacidade","status":"publish","type":"page","link":"https:\/\/naturegreenhub.com\/es\/politicas-de-privacidade\/","title":{"rendered":"POL\u00cdTICAS DE PRIVACIDAD"},"content":{"rendered":"<p>\u00daltima actualizaci\u00f3n: 16 de marzo de 2025<\/p>\n\n\n\n<p>Su privacidad es una prioridad para nosotros. Esta Pol\u00edtica de Privacidad describe c\u00f3mo <strong>naturegreenhub.com<\/strong> recopila, utiliza, almacena, comparte y protege sus datos personales, de conformidad con la Ley General de Protecci\u00f3n de Datos (Ley N\u00b0 13.709\/2018 \u2013 LGPD), adem\u00e1s de las pautas de Google AdSense y otras leyes aplicables.<\/p>\n\n\n\n<h3 class=\"wp-block-heading\">1. Informaci\u00f3n que recopilamos<\/h3>\n\n\n\n<p>Recopilamos datos personales y no personales para garantizar una experiencia personalizada y relevante para nuestros usuarios. Los datos pueden recopilarse de diferentes maneras, entre ellas:<\/p>\n\n\n\n<ul class=\"wp-block-list\">\n<li><strong>Informaci\u00f3n proporcionada directamente por usted:<\/strong> Tales como el nombre, el correo electr\u00f3nico y otros datos proporcionados al completar formularios o interactuar con el contenido.<\/li>\n\n\n\n<li><strong>Datos recopilados autom\u00e1ticamente:<\/strong> Utilizamos cookies, registros de acceso, balizas web y otras tecnolog\u00edas similares para comprender c\u00f3mo interact\u00faan los visitantes con nuestro sitio web.<\/li>\n\n\n\n<li><strong>Informaci\u00f3n de terceros:<\/strong> Tales como plataformas publicitarias o servicios de an\u00e1lisis de tr\u00e1fico, que pueden recopilar datos con su consentimiento.<\/li>\n<\/ul>\n\n\n\n<h3 class=\"wp-block-heading\">2. Uso de cookies y tecnolog\u00edas similares<\/h3>\n\n\n\n<p>Utilizamos cookies para mejorar la funcionalidad y el rendimiento del sitio web, as\u00ed como para comprender c\u00f3mo interact\u00faas con el contenido que ofrecemos. Esto nos ayuda a ofrecer una experiencia m\u00e1s personalizada y relevante.<\/p>\n\n\n\n<h4 class=\"wp-block-heading\">Funciones de las cookies:<\/h4>\n\n\n\n<ul class=\"wp-block-list\">\n<li>Mejorar la experiencia del usuario.<\/li>\n\n\n\n<li>Mostrarle anuncios m\u00e1s relevantes seg\u00fan sus intereses.<\/li>\n\n\n\n<li>Analizar c\u00f3mo los visitantes interact\u00faan con el contenido.<\/li>\n<\/ul>\n\n\n\n<h4 class=\"wp-block-heading\">Consentimiento de cookies<\/h4>\n\n\n\n<p>Al acceder al sitio web, ver\u00e1 un banner de cookies que le solicita su consentimiento expl\u00edcito para el uso de cookies no esenciales. Puede:<\/p>\n\n\n\n<ul class=\"wp-block-list\">\n<li>Aceptar o rechazar las cookies no esenciales.<\/li>\n\n\n\n<li>Gestiona tus preferencias de cookies directamente en tu navegador o a trav\u00e9s del banner.<\/li>\n<\/ul>\n\n\n\n<h3 class=\"wp-block-heading\">3. Publicidad personalizada y cookies de terceros<\/h3>\n\n\n\n<p>El sitio web utiliza servicios de publicidad de terceros, como:<\/p>\n\n\n\n<ul class=\"wp-block-list\">\n<li><strong>Google AdSense.<\/strong><\/li>\n\n\n\n<li><strong>Administrador de anuncios de Google.<\/strong><\/li>\n\n\n\n<li><strong>Meta anuncios (Facebook\/Instagram).<\/strong><\/li>\n<\/ul>\n\n\n\n<p>Estas plataformas utilizan cookies para:<\/p>\n\n\n\n<ul class=\"wp-block-list\">\n<li>Muestra anuncios personalizados basados en visitas anteriores.<\/li>\n\n\n\n<li>Medir la efectividad de las campa\u00f1as publicitarias.<\/li>\n\n\n\n<li>Controle la frecuencia con la que se muestran los anuncios.<\/li>\n<\/ul>\n\n\n\n<h4 class=\"wp-block-heading\">Desactivar la publicidad personalizada<\/h4>\n\n\n\n<p>Puede optar por no recibir publicidad personalizada visitando:<\/p>\n\n\n\n<ul class=\"wp-block-list\">\n<li><a href=\"https:\/\/myadcenter.google.com\/personalizationoff\">Configuraci\u00f3n de anuncios de Google<\/a>.<\/li>\n\n\n\n<li><a href=\"https:\/\/policies.google.com\/technologies\/partner-sites\">Pol\u00edtica de tecnolog\u00eda y sitios asociados de Google<\/a>.<\/li>\n<\/ul>\n\n\n\n<h3 class=\"wp-block-heading\">4. Compartir datos con terceros<\/h3>\n\n\n\n<p>Sus datos podr\u00e1n ser compartidos con:<\/p>\n\n\n\n<ul class=\"wp-block-list\">\n<li>Redes publicitarias (como Google AdSense y Ad Manager) para personalizar los anuncios.<\/li>\n\n\n\n<li>Herramientas de an\u00e1lisis (como Google Analytics y Meta) para medir las m\u00e9tricas de navegaci\u00f3n.<\/li>\n\n\n\n<li>Socios afiliados para el seguimiento de campa\u00f1as promocionales y comisiones.<\/li>\n<\/ul>\n\n\n\n<p>Estos terceros siguen sus propias pol\u00edticas de privacidad y est\u00e1n sujetos a las leyes aplicables.<\/p>\n\n\n\n<h3 class=\"wp-block-heading\">5. Derechos del usuario<\/h3>\n\n\n\n<p>Seg\u00fan la LGPD, usted tiene los siguientes derechos sobre sus datos personales:<\/p>\n\n\n\n<ul class=\"wp-block-list\">\n<li>Acceso a sus datos.<\/li>\n\n\n\n<li>Correcci\u00f3n de datos incompletos o desactualizados.<\/li>\n\n\n\n<li>Eliminaci\u00f3n de datos, cuando proceda.<\/li>\n\n\n\n<li>Portabilidad de datos a otros servicios.<\/li>\n\n\n\n<li>Revocaci\u00f3n del consentimiento.<\/li>\n\n\n\n<li>Informaci\u00f3n sobre c\u00f3mo se utilizan sus datos y con qui\u00e9n se comparten.<\/li>\n<\/ul>\n\n\n\n<h4 class=\"wp-block-heading\">C\u00f3mo ejercer sus derechos<\/h4>\n\n\n\n<p>Para solicitar el cambio o eliminaci\u00f3n de datos, por favor cont\u00e1ctenos v\u00eda correo electr\u00f3nico: <strong><a>contato@jornal316.com.br<\/a><\/strong>Responderemos dentro de los plazos legales.<\/p>\n\n\n\n<h3 class=\"wp-block-heading\">6. Seguridad y almacenamiento de datos<\/h3>\n\n\n\n<p>Adoptamos medidas de seguridad t\u00e9cnicas y administrativas adecuadas para proteger sus datos personales contra:<\/p>\n\n\n\n<ul class=\"wp-block-list\">\n<li>Acceso no autorizado.<\/li>\n\n\n\n<li>P\u00e9rdida, robo o mal uso.<\/li>\n\n\n\n<li>Modificaci\u00f3n o destrucci\u00f3n indebida.<\/li>\n<\/ul>\n\n\n\n<p>Los datos se almacenan durante el tiempo que sea necesario para cumplir con los fines descritos en esta pol\u00edtica o seg\u00fan lo requiera la ley.<\/p>\n\n\n\n<h3 class=\"wp-block-heading\">7. Enlaces a sitios externos<\/h3>\n\n\n\n<p>Nuestro sitio web puede contener enlaces a sitios web de terceros. No nos responsabilizamos de las pr\u00e1cticas de privacidad de estos sitios web externos. Le recomendamos leer las pol\u00edticas de privacidad de cualquier sitio web que visite.<\/p>\n\n\n\n<h3 class=\"wp-block-heading\">8. Compromiso del usuario<\/h3>\n\n\n\n<p>Al utilizar el <strong>naturegreenhub.com<\/strong>, usted acepta:<\/p>\n\n\n\n<ul class=\"wp-block-list\">\n<li>Proporcionar informaci\u00f3n veraz y actualizada.<\/li>\n\n\n\n<li>No realizar actividades ilegales o que atenten contra los derechos de terceros.<\/li>\n\n\n\n<li>Respete esta pol\u00edtica de privacidad y las Condiciones de uso del sitio web.<\/li>\n<\/ul>\n\n\n\n<h3 class=\"wp-block-heading\">9. Actualizaciones de esta Pol\u00edtica<\/h3>\n\n\n\n<p>Esta Pol\u00edtica de Privacidad podr\u00e1 actualizarse en cualquier momento para reflejar cambios legales, tecnol\u00f3gicos u operativos. La versi\u00f3n m\u00e1s reciente siempre estar\u00e1 disponible en esta p\u00e1gina, con la fecha de la \u00faltima actualizaci\u00f3n indicada.<\/p>\n\n\n\n<h3 class=\"wp-block-heading\">10. Contacto<\/h3>\n\n\n\n<p>Si tiene alguna pregunta sobre esta pol\u00edtica o sobre c\u00f3mo gestionamos sus datos, p\u00f3ngase en contacto con nosotros por correo electr\u00f3nico: <strong><a>contato@jornal316.com.br<\/a><\/strong>.<\/p>\n\n\n\n<p>\u2714\ufe0f Esta pol\u00edtica cumple con:<\/p>\n\n\n\n<ul class=\"wp-block-list\">\n<li>Principios de la Network Advertising Initiative y la IAB.<\/li>\n\n\n\n<li>LGPD (Ley No. 13.709\/2018).<\/li>\n\n\n\n<li>Directrices de Google AdSense: Pol\u00edtica de privacidad obligatoria.<\/li>\n<\/ul>\n\n\n\n<hr class=\"wp-block-separator has-alpha-channel-opacity\"\/>\n\n\n\n<h3 class=\"wp-block-heading\"><strong>Restricci\u00f3n de anuncios en p\u00e1ginas espec\u00edficas<\/strong><\/h3>\n\n\n\n<p>Seg\u00fan las directrices de Google AdSense, <strong>No est\u00e1 permitido mostrar anuncios de Google en determinadas p\u00e1ginas.<\/strong>. Esto incluye, entre otras cosas:<\/p>\n\n\n\n<ul class=\"wp-block-list\">\n<li><strong>P\u00e1ginas que contienen la Pol\u00edtica de privacidad, Sobre nosotros, Contacto y T\u00e9rminos de uso.<\/strong><\/li>\n\n\n\n<li><strong>P\u00e1ginas en construcci\u00f3n o con contenido de poco valor.<\/strong><\/li>\n\n\n\n<li><strong>P\u00e1ginas de ventas para productos, pruebas o encuestas.<\/strong><\/li>\n<\/ul>\n\n\n\n<p>Puede encontrar m\u00e1s informaci\u00f3n sobre las pol\u00edticas publicitarias en <a href=\"https:\/\/support.google.com\/publisherpolicies\/answer\/11112688?hl=pt-BR\">Documentaci\u00f3n oficial de Google<\/a>.<\/p>\n\n\n\n<p><\/p>","protected":false},"excerpt":{"rendered":"<p>\u00daltima atualiza\u00e7\u00e3o: 16 de mar\u00e7o de 2025 Sua privacidade \u00e9 uma prioridade para n\u00f3s. Esta Pol\u00edtica de Privacidade descreve como o naturegreenhub.com coleta, utiliza, armazena, compartilha e protege seus dados pessoais, em conformidade com a Lei Geral de Prote\u00e7\u00e3o de Dados (Lei n\u00ba 13.709\/2018 \u2013 LGPD), al\u00e9m das diretrizes do Google AdSense e outras leis&hellip;&nbsp;<a href=\"https:\/\/naturegreenhub.com\/es\/politicas-de-privacidade\/\" rel=\"bookmark\"><span class=\"screen-reader-text\">POL\u00cdTICAS DE PRIVACIDAD<\/span><\/a><\/p>","protected":false},"author":3,"featured_media":0,"parent":0,"menu_order":0,"comment_status":"closed","ping_status":"open","template":"","meta":{"neve_meta_sidebar":"","neve_meta_container":"","neve_meta_enable_content_width":"off","neve_meta_content_width":100,"neve_meta_title_alignment":"","neve_meta_author_avatar":"","neve_post_elements_order":"","neve_meta_disable_header":"","neve_meta_disable_footer":"","neve_meta_disable_title":"","footnotes":""},"class_list":["post-3","page","type-page","status-publish","hentry"],"_links":{"self":[{"href":"https:\/\/naturegreenhub.com\/es\/wp-json\/wp\/v2\/pages\/3","targetHints":{"allow":["GET"]}}],"collection":[{"href":"https:\/\/naturegreenhub.com\/es\/wp-json\/wp\/v2\/pages"}],"about":[{"href":"https:\/\/naturegreenhub.com\/es\/wp-json\/wp\/v2\/types\/page"}],"author":[{"embeddable":true,"href":"https:\/\/naturegreenhub.com\/es\/wp-json\/wp\/v2\/users\/3"}],"replies":[{"embeddable":true,"href":"https:\/\/naturegreenhub.com\/es\/wp-json\/wp\/v2\/comments?post=3"}],"version-history":[{"count":8,"href":"https:\/\/naturegreenhub.com\/es\/wp-json\/wp\/v2\/pages\/3\/revisions"}],"predecessor-version":[{"id":2232,"href":"https:\/\/naturegreenhub.com\/es\/wp-json\/wp\/v2\/pages\/3\/revisions\/2232"}],"wp:attachment":[{"href":"https:\/\/naturegreenhub.com\/es\/wp-json\/wp\/v2\/media?parent=3"}],"curies":[{"name":"gracias","href":"https:\/\/api.w.org\/{rel}","templated":true}]}}