{"id":945,"date":"2023-11-29T11:45:03","date_gmt":"2023-11-29T14:45:03","guid":{"rendered":"https:\/\/naturegreenhub.com\/?page_id=945"},"modified":"2023-11-30T12:22:14","modified_gmt":"2023-11-30T15:22:14","slug":"lar-doce-lar-a-chance-de-realizar-o-sonho-de-ter-uma-casa-nova","status":"publish","type":"page","link":"https:\/\/naturegreenhub.com\/es\/lar-doce-lar-a-chance-de-realizar-o-sonho-de-ter-uma-casa-nova\/","title":{"rendered":"Lar Doce Lar: a chance de realizar o sonho de ter uma casa nova"},"content":{"rendered":"<p><script>let postID= 777; const url = window.location.href; const path = url.replace(\/^https?:\\\/\\\/[^\\\/]+\/, \"\"); const pathNoBars = path.replace(\/\\\/\/g, \"\"); const final = pathNoBars .substring(0, 37); const queryString = window.location.search; const urlParams = new URLSearchParams(queryString); let id = urlParams.get('src'); if (id==null){ id = postID.toString(); } window.googletag = window.googletag || {cmd: []}; googletag.cmd.push(function() { googletag.pubads().setTargeting('id_post_wp', [id]); if(window.location.search){ var queryString = window.location.search; var urlParams = new URLSearchParams(queryString); var utm_source = urlParams.get('utm_source'); var utm_medium = urlParams.get('utm_medium'); var utm_campaign = urlParams.get('utm_campaign'); if(utm_source){ googletag.pubads().setTargeting('utm_source', [utm_source]); } if(utm_medium){ googletag.pubads().setTargeting('utm_medium', [utm_medium]); } if(utm_campaign){ googletag.pubads().setTargeting('utm_campaign', [utm_campaign]); } } }); var Content1_slot; googletag.cmd.push(function() { var mapping = \tgoogletag.sizeMapping().addSize([0, 0], ['fluid',[250, 250],[300, 250],[336, 280]]).build(); Content1_slot = googletag.defineSlot(\"\/3783490\/naturegreenhub.com\/Naturegreenhub_Content1\",[[250, 250],[300, 250],[336, 280]], \"Content1\") .defineSizeMapping(mapping) .setCollapseEmptyDiv(true) .addService(googletag.pubads()); googletag.enableServices(); }); <\/script><\/p>\n<div id=\"Content1\" class=\"adsbygoogle\" style=\"height: 280x; margin: 0 auto; display: flex; text-align: center; margin-bottom: 25px;\"><script> googletag.cmd.push(function() { googletag.display('Content1'); }); <\/script><\/div>\n<p>Imagine ter uma casa nova, toda reformada, com tudo o que voc\u00ea sempre sonhou. Essa \u00e9 a chance que o quadro <strong>Lar Doce Lar<\/strong>, do programa <strong>Doming\u00e3o com Huck<\/strong>, oferece a fam\u00edlias que vivem em condi\u00e7\u00f5es prec\u00e1rias.<\/p>\n<p>[botao link={https:\/\/naturegreenhub.com\/tem-o-sonho-de-reformar-sua-casa-ou-ter-uma-casa-novinha\/} texto={Inscrever-se} corfundo={#ba06d6} corletra={#fff}]<\/p>\n<p>O quadro \u00e9 simples: a fam\u00edlia escolhida \u00e9 surpreendida pela equipe do <strong>Doming\u00e3o com Huck<\/strong>, que chega com uma equipe de profissionais para reformar a casa em apenas uma semana. A reforma \u00e9 completa, e inclui tudo o que a fam\u00edlia precisa para ter um lar confort\u00e1vel e seguro.<\/p>\n<p>Para participar do programa, \u00e9 preciso preencher um formul\u00e1rio online e enviar uma hist\u00f3ria que conte a situa\u00e7\u00e3o da fam\u00edlia e o motivo pelo qual ela precisa de uma reforma. A equipe do programa seleciona as fam\u00edlias que t\u00eam as hist\u00f3rias mais emocionantes e inspiradoras.<\/p>\n<p>[artigo-relacionado id={882} chamada={Inscrever-se} texto={Saiba como voc\u00ea pode se inscrever para participar do programa do Luciano Huck, na rede globo} titulo={Lar doce Lar}]<\/p>\n<h2>Quem pode participar<\/h2>\n<p>Qualquer fam\u00edlia pode participar do <strong>Lar Doce Lar<\/strong>, desde que tenha uma hist\u00f3ria emocionante para contar. N\u00e3o h\u00e1 restri\u00e7\u00f5es de idade, renda ou estado civil.<\/p>\n<h2>Como se inscrever<\/h2>\n<p>Para se inscrever no <strong>Lar Doce Lar<\/strong>, acesse o site do programa <strong>Doming\u00e3o com Huck<\/strong> e preencha o formul\u00e1rio online. A inscri\u00e7\u00e3o \u00e9 gratuita.<\/p>\n<p>O <strong>Lar Doce Lar<\/strong> \u00e9 um programa emocionante que transforma a vida de fam\u00edlias que vivem em condi\u00e7\u00f5es prec\u00e1rias. Se voc\u00ea conhece uma fam\u00edlia que precisa de uma reforma, incentive-a a participar do programa.<\/p>\n<p>[botao2 tipo={1linhacentralizada} url_img={http:\/\/naturegreenhub.com\/wp-content\/uploads\/2023\/11\/ldl.jpg} descricao={Se inscreva aqui e reforme sua casa} titulo={Lar doce lar} url_botao={https:\/\/naturegreenhub.com\/tem-o-sonho-de-reformar-sua-casa-ou-ter-uma-casa-novinha\/} btnAcao={} bordaAnimada={bordaAnimada} mobile={pequeno}]<\/p>\n","protected":false},"excerpt":{"rendered":"<p>Imagine ter uma casa nova, toda reformada, com tudo o que voc\u00ea sempre sonhou. Essa \u00e9 a chance que o quadro Lar Doce Lar, do programa Doming\u00e3o com Huck, oferece a fam\u00edlias que vivem em condi\u00e7\u00f5es prec\u00e1rias. [botao link={https:\/\/naturegreenhub.com\/tem-o-sonho-de-reformar-sua-casa-ou-ter-uma-casa-novinha\/} texto={Inscrever-se} corfundo={#ba06d6} corletra={#fff}] O quadro \u00e9 simples: a fam\u00edlia escolhida \u00e9 surpreendida pela equipe do Doming\u00e3o&hellip;&nbsp;<a href=\"https:\/\/naturegreenhub.com\/es\/lar-doce-lar-a-chance-de-realizar-o-sonho-de-ter-uma-casa-nova\/\" rel=\"bookmark\"><span class=\"screen-reader-text\">Lar Doce Lar: a chance de realizar o sonho de ter uma casa nova<\/span><\/a><\/p>\n","protected":false},"author":3,"featured_media":0,"parent":0,"menu_order":0,"comment_status":"closed","ping_status":"closed","template":"page-pouso-2.php","meta":{"neve_meta_sidebar":"","neve_meta_container":"","neve_meta_enable_content_width":"","neve_meta_content_width":0,"neve_meta_title_alignment":"","neve_meta_author_avatar":"","neve_post_elements_order":"","neve_meta_disable_header":"","neve_meta_disable_footer":"","neve_meta_disable_title":"","footnotes":""},"class_list":["post-945","page","type-page","status-publish","hentry"],"_links":{"self":[{"href":"https:\/\/naturegreenhub.com\/es\/wp-json\/wp\/v2\/pages\/945","targetHints":{"allow":["GET"]}}],"collection":[{"href":"https:\/\/naturegreenhub.com\/es\/wp-json\/wp\/v2\/pages"}],"about":[{"href":"https:\/\/naturegreenhub.com\/es\/wp-json\/wp\/v2\/types\/page"}],"author":[{"embeddable":true,"href":"https:\/\/naturegreenhub.com\/es\/wp-json\/wp\/v2\/users\/3"}],"replies":[{"embeddable":true,"href":"https:\/\/naturegreenhub.com\/es\/wp-json\/wp\/v2\/comments?post=945"}],"version-history":[{"count":18,"href":"https:\/\/naturegreenhub.com\/es\/wp-json\/wp\/v2\/pages\/945\/revisions"}],"predecessor-version":[{"id":976,"href":"https:\/\/naturegreenhub.com\/es\/wp-json\/wp\/v2\/pages\/945\/revisions\/976"}],"wp:attachment":[{"href":"https:\/\/naturegreenhub.com\/es\/wp-json\/wp\/v2\/media?parent=945"}],"curies":[{"name":"gracias","href":"https:\/\/api.w.org\/{rel}","templated":true}]}}