{"id":1180,"date":"2025-07-15T09:25:33","date_gmt":"2025-07-15T12:25:33","guid":{"rendered":"https:\/\/naturegreenhub.com\/?page_id=1180"},"modified":"2026-03-16T18:58:13","modified_gmt":"2026-03-16T21:58:13","slug":"sobre-nos","status":"publish","type":"page","link":"https:\/\/naturegreenhub.com\/pl\/sobre-nos\/","title":{"rendered":"O NAS"},"content":{"rendered":"<p data-start=\"457\" data-end=\"470\"><strong data-start=\"457\" data-end=\"470\">O nas<\/strong><\/p>\n<p data-start=\"472\" data-end=\"861\">THE <strong data-start=\"474\" data-end=\"492\">NatureGreenHub<\/strong> Ta strona internetowa zosta\u0142a stworzona, aby oferowa\u0107 praktyczne i przyst\u0119pne informacje na szeroki zakres temat\u00f3w, ze szczeg\u00f3lnym uwzgl\u0119dnieniem finans\u00f3w osobistych, inwestycji i edukacji finansowej. Oferujemy r\u00f3wnie\u017c r\u00f3\u017cnorodne tre\u015bci, takie jak wiadomo\u015bci og\u00f3lne, programy telewizyjne i inne interesuj\u0105ce tematy, aby zapewni\u0107 pe\u0142niejszy i bardziej zintegrowany obraz Twojego codziennego \u017cycia.<\/p>\n<p data-start=\"863\" data-end=\"1203\">Naszym celem jest uproszczenie Twojej relacji z pieni\u0119dzmi, pomagaj\u0105c Ci zrozumie\u0107, jak inteligentnie i zr\u00f3wnowa\u017cenie zarz\u0105dza\u0107 swoimi finansami osobistymi. Ponadto, staramy si\u0119 informowa\u0107 Ci\u0119 na bie\u017c\u0105co o innych kwestiach, kt\u00f3re wp\u0142ywaj\u0105 na Twoje \u017cycie, zapewniaj\u0105c Ci zr\u00f3wnowa\u017cony i aktualny obraz tego, co dzieje si\u0119 wok\u00f3\u0142 Ciebie.<\/p>\n<p data-start=\"1205\" data-end=\"1219\">Co robimy:<\/p>\n<ul data-start=\"1221\" data-end=\"2011\">\n<li data-section-id=\"1d4nrfd\" data-start=\"1221\" data-end=\"1392\">\n<p data-start=\"1223\" data-end=\"1392\"><strong data-start=\"1223\" data-end=\"1256\">Przewodniki po finansach osobistych<\/strong><br data-start=\"1256\" data-end=\"1259\" \/>Oferujemy przejrzyste wskaz\u00f3wki, jak zarz\u0105dza\u0107 bud\u017cetem, oszcz\u0119dza\u0107 pieni\u0105dze, sp\u0142aca\u0107 d\u0142ugi i osi\u0105ga\u0107 cele finansowe.<\/p>\n<\/li>\n<li data-section-id=\"1sumoe\" data-start=\"1394\" data-end=\"1614\">\n<p data-start=\"1396\" data-end=\"1614\"><strong data-start=\"1396\" data-end=\"1428\">Strategie inwestycyjne<\/strong><br data-start=\"1428\" data-end=\"1431\" \/>Oferujemy przyst\u0119pne wyja\u015bnienia r\u00f3\u017cnych opcji inwestycyjnych, takich jak instrumenty o sta\u0142ym dochodzie, akcje, fundusze inwestycyjne i inne, dzi\u0119ki czemu mo\u017cesz podejmowa\u0107 \u015bwiadome decyzje.<\/p>\n<\/li>\n<li data-section-id=\"lofla4\" data-start=\"1616\" data-end=\"1794\">\n<p data-start=\"1618\" data-end=\"1794\"><strong data-start=\"1618\" data-end=\"1668\">Kr\u00f3tkoterminowe i d\u0142ugoterminowe planowanie finansowe<\/strong><br data-start=\"1668\" data-end=\"1671\" \/>Pomo\u017cemy Ci zaplanowa\u0107 wszystko, od funduszu awaryjnego po wielkie cele, takie jak zakup domu lub przej\u015bcie na emerytur\u0119.<\/p>\n<\/li>\n<li data-section-id=\"1f7ipyo\" data-start=\"1796\" data-end=\"2011\">\n<p data-start=\"1798\" data-end=\"2011\"><strong data-start=\"1798\" data-end=\"1820\">R\u00f3\u017cne tre\u015bci<\/strong><br data-start=\"1820\" data-end=\"1823\" \/>Opr\u00f3cz artyku\u0142\u00f3w o finansach publikujemy r\u00f3wnie\u017c artyku\u0142y na temat wiadomo\u015bci og\u00f3lnych, kultury, rozrywki i innych interesuj\u0105cych temat\u00f3w, dzi\u0119ki czemu zawsze b\u0119dziesz na bie\u017c\u0105co z tym, co dzieje si\u0119 na \u015bwiecie.<\/p>\n<\/li>\n<\/ul>\n<p data-start=\"2013\" data-end=\"2165\">Naszym zobowi\u0105zaniem jest oferowanie tre\u015bci, kt\u00f3re wnios\u0105 warto\u015b\u0107 do Twojego \u017cycia, niezale\u017cnie od tego, czy dotyczy to sfery finans\u00f3w, czy innych obszar\u00f3w, w spos\u00f3b jasny, obiektywny i istotny.<\/p>","protected":false},"excerpt":{"rendered":"<p>Sobre N\u00f3s O NatureGreenHub \u00e9 um site criado para oferecer informa\u00e7\u00f5es pr\u00e1ticas e acess\u00edveis sobre uma ampla gama de t\u00f3picos, com um foco principal em finan\u00e7as pessoais, investimentos e educa\u00e7\u00e3o financeira. No entanto, tamb\u00e9m trazemos conte\u00fados diversos, como not\u00edcias gerais, programas de TV e outros assuntos de interesse, para proporcionar uma vis\u00e3o mais completa e&hellip;&nbsp;<a href=\"https:\/\/naturegreenhub.com\/pl\/sobre-nos\/\" rel=\"bookmark\"><span class=\"screen-reader-text\">O NAS<\/span><\/a><\/p>","protected":false},"author":3,"featured_media":0,"parent":0,"menu_order":0,"comment_status":"closed","ping_status":"closed","template":"","meta":{"neve_meta_sidebar":"","neve_meta_container":"","neve_meta_enable_content_width":"off","neve_meta_content_width":100,"neve_meta_title_alignment":"","neve_meta_author_avatar":"","neve_post_elements_order":"","neve_meta_disable_header":"","neve_meta_disable_footer":"","neve_meta_disable_title":"","footnotes":""},"class_list":["post-1180","page","type-page","status-publish","hentry"],"_links":{"self":[{"href":"https:\/\/naturegreenhub.com\/pl\/wp-json\/wp\/v2\/pages\/1180","targetHints":{"allow":["GET"]}}],"collection":[{"href":"https:\/\/naturegreenhub.com\/pl\/wp-json\/wp\/v2\/pages"}],"about":[{"href":"https:\/\/naturegreenhub.com\/pl\/wp-json\/wp\/v2\/types\/page"}],"author":[{"embeddable":true,"href":"https:\/\/naturegreenhub.com\/pl\/wp-json\/wp\/v2\/users\/3"}],"replies":[{"embeddable":true,"href":"https:\/\/naturegreenhub.com\/pl\/wp-json\/wp\/v2\/comments?post=1180"}],"version-history":[{"count":2,"href":"https:\/\/naturegreenhub.com\/pl\/wp-json\/wp\/v2\/pages\/1180\/revisions"}],"predecessor-version":[{"id":2229,"href":"https:\/\/naturegreenhub.com\/pl\/wp-json\/wp\/v2\/pages\/1180\/revisions\/2229"}],"wp:attachment":[{"href":"https:\/\/naturegreenhub.com\/pl\/wp-json\/wp\/v2\/media?parent=1180"}],"curies":[{"name":"wp","href":"https:\/\/api.w.org\/{rel}","templated":true}]}}