{"id":845,"date":"2023-10-03T10:54:20","date_gmt":"2023-10-03T13:54:20","guid":{"rendered":"https:\/\/naturegreenhub.com\/?page_id=845"},"modified":"2023-10-03T11:37:34","modified_gmt":"2023-10-03T14:37:34","slug":"aprenda-a-fazer-desinfetante-caseiro-e-seja-sustentavel","status":"publish","type":"page","link":"https:\/\/naturegreenhub.com\/pl\/aprenda-a-fazer-desinfetante-caseiro-e-seja-sustentavel\/","title":{"rendered":"Aprenda a fazer desinfetante caseiro e seja sustent\u00e1vel!"},"content":{"rendered":"<p>Ser sustent\u00e1vel nos dias de hoje n\u00e3o \u00e9 uma op\u00e7\u00e3o. Em prol de preservar o planeta devemos evitar os produtos industrializados ao m\u00e1ximo. Veja nossa dica de como fazer seu pr\u00f3prio desinfetante. O <strong>desinfetante caseiro<\/strong> \u00e9 f\u00e1cil de se fazer e ainda gera uma economia no or\u00e7amento dom\u00e9stico no final do m\u00eas.<\/p>\n<p>[botao link={https:\/\/naturegreenhub.com\/desinfetante-caseiro-como-fazer-em-casa-com-ingredientes-simples} texto={Fa\u00e7a seu pr\u00f3prio desinfetante!} corfundo={#af2626} corletra={#fff}]<\/p>\n<figure id=\"attachment_835\" aria-describedby=\"caption-attachment-835\" style=\"width: 1025px\" class=\"wp-caption aligncenter\"><a href=\"https:\/\/naturegreenhub.com\/desinfetante-caseiro-como-fazer-em-casa-com-ingredientes-simples\/\"><img fetchpriority=\"high\" decoding=\"async\" class=\"size-full wp-image-835\" src=\"http:\/\/naturegreenhub.com\/wp-content\/uploads\/2023\/09\/desinfetante-1.jpg\" alt=\"Desinfetante caseiro\" width=\"1025\" height=\"552\" srcset=\"https:\/\/naturegreenhub.com\/wp-content\/uploads\/2023\/09\/desinfetante-1.jpg 1025w, https:\/\/naturegreenhub.com\/wp-content\/uploads\/2023\/09\/desinfetante-1-300x162.jpg 300w, https:\/\/naturegreenhub.com\/wp-content\/uploads\/2023\/09\/desinfetante-1-768x414.jpg 768w\" sizes=\"(max-width: 1025px) 100vw, 1025px\" \/><\/a><figcaption id=\"caption-attachment-835\" class=\"wp-caption-text\">Desinfetante Caseiro<\/figcaption><\/figure>\n<p><script>\nconst queryString = window.location.search;\nconst urlParams = new URLSearchParams(queryString);\nlet id = urlParams.get('src');\nif (id==null){\nid = postID.toString();\n}\nwindow.googletag = window.googletag || {cmd: []};<\/p>\n<p>  googletag.cmd.push(function() {\n    googletag.pubads().setTargeting('id_post_wp', [id]);\n  })\n<\/script><\/p>\n","protected":false},"excerpt":{"rendered":"<p>Ser sustent\u00e1vel nos dias de hoje n\u00e3o \u00e9 uma op\u00e7\u00e3o. Em prol de preservar o planeta devemos evitar os produtos industrializados ao m\u00e1ximo. Veja nossa dica de como fazer seu pr\u00f3prio desinfetante. O desinfetante caseiro \u00e9 f\u00e1cil de se fazer e ainda gera uma economia no or\u00e7amento dom\u00e9stico no final do m\u00eas. [botao link={https:\/\/naturegreenhub.com\/desinfetante-caseiro-como-fazer-em-casa-com-ingredientes-simples} texto={Fa\u00e7a&hellip;&nbsp;<a href=\"https:\/\/naturegreenhub.com\/pl\/aprenda-a-fazer-desinfetante-caseiro-e-seja-sustentavel\/\" rel=\"bookmark\"><span class=\"screen-reader-text\">Aprenda a fazer desinfetante caseiro e seja sustent\u00e1vel!<\/span><\/a><\/p>","protected":false},"author":3,"featured_media":0,"parent":0,"menu_order":0,"comment_status":"closed","ping_status":"closed","template":"page-pouso-2.php","meta":{"neve_meta_sidebar":"","neve_meta_container":"","neve_meta_enable_content_width":"","neve_meta_content_width":0,"neve_meta_title_alignment":"","neve_meta_author_avatar":"","neve_post_elements_order":"","neve_meta_disable_header":"","neve_meta_disable_footer":"","neve_meta_disable_title":"","footnotes":""},"class_list":["post-845","page","type-page","status-publish","hentry"],"_links":{"self":[{"href":"https:\/\/naturegreenhub.com\/pl\/wp-json\/wp\/v2\/pages\/845","targetHints":{"allow":["GET"]}}],"collection":[{"href":"https:\/\/naturegreenhub.com\/pl\/wp-json\/wp\/v2\/pages"}],"about":[{"href":"https:\/\/naturegreenhub.com\/pl\/wp-json\/wp\/v2\/types\/page"}],"author":[{"embeddable":true,"href":"https:\/\/naturegreenhub.com\/pl\/wp-json\/wp\/v2\/users\/3"}],"replies":[{"embeddable":true,"href":"https:\/\/naturegreenhub.com\/pl\/wp-json\/wp\/v2\/comments?post=845"}],"version-history":[{"count":4,"href":"https:\/\/naturegreenhub.com\/pl\/wp-json\/wp\/v2\/pages\/845\/revisions"}],"predecessor-version":[{"id":852,"href":"https:\/\/naturegreenhub.com\/pl\/wp-json\/wp\/v2\/pages\/845\/revisions\/852"}],"wp:attachment":[{"href":"https:\/\/naturegreenhub.com\/pl\/wp-json\/wp\/v2\/media?parent=845"}],"curies":[{"name":"wp","href":"https:\/\/api.w.org\/{rel}","templated":true}]}}