{"id":873,"date":"2023-11-14T11:43:07","date_gmt":"2023-11-14T14:43:07","guid":{"rendered":"https:\/\/naturegreenhub.com\/?page_id=873"},"modified":"2023-11-14T11:45:19","modified_gmt":"2023-11-14T14:45:19","slug":"pagina-de-pouso-1","status":"publish","type":"page","link":"https:\/\/naturegreenhub.com\/pl\/pagina-de-pouso-1\/","title":{"rendered":"P\u00e1gina de pouso 1"},"content":{"rendered":"<p>P\u00e1gina de pouso 1P\u00e1gina de pouso 1P\u00e1gina de pouso 1P\u00e1gina de pouso 1P\u00e1gina de pouso 1<\/p>","protected":false},"excerpt":{"rendered":"<p>P\u00e1gina de pouso 1P\u00e1gina de pouso 1P\u00e1gina de pouso 1P\u00e1gina de pouso 1P\u00e1gina de pouso 1<\/p>","protected":false},"author":3,"featured_media":0,"parent":0,"menu_order":0,"comment_status":"closed","ping_status":"closed","template":"page-pouso-2.php","meta":{"neve_meta_sidebar":"","neve_meta_container":"","neve_meta_enable_content_width":"","neve_meta_content_width":0,"neve_meta_title_alignment":"","neve_meta_author_avatar":"","neve_post_elements_order":"","neve_meta_disable_header":"","neve_meta_disable_footer":"","neve_meta_disable_title":"","footnotes":""},"class_list":["post-873","page","type-page","status-publish","hentry"],"_links":{"self":[{"href":"https:\/\/naturegreenhub.com\/pl\/wp-json\/wp\/v2\/pages\/873","targetHints":{"allow":["GET"]}}],"collection":[{"href":"https:\/\/naturegreenhub.com\/pl\/wp-json\/wp\/v2\/pages"}],"about":[{"href":"https:\/\/naturegreenhub.com\/pl\/wp-json\/wp\/v2\/types\/page"}],"author":[{"embeddable":true,"href":"https:\/\/naturegreenhub.com\/pl\/wp-json\/wp\/v2\/users\/3"}],"replies":[{"embeddable":true,"href":"https:\/\/naturegreenhub.com\/pl\/wp-json\/wp\/v2\/comments?post=873"}],"version-history":[{"count":2,"href":"https:\/\/naturegreenhub.com\/pl\/wp-json\/wp\/v2\/pages\/873\/revisions"}],"predecessor-version":[{"id":877,"href":"https:\/\/naturegreenhub.com\/pl\/wp-json\/wp\/v2\/pages\/873\/revisions\/877"}],"wp:attachment":[{"href":"https:\/\/naturegreenhub.com\/pl\/wp-json\/wp\/v2\/media?parent=873"}],"curies":[{"name":"wp","href":"https:\/\/api.w.org\/{rel}","templated":true}]}}